{"id":450,"date":"2024-11-04T08:48:42","date_gmt":"2024-11-04T08:48:42","guid":{"rendered":"https:\/\/groupuniversalpackaging.com\/politica-de-privacidad\/"},"modified":"2024-11-08T13:24:35","modified_gmt":"2024-11-08T13:24:35","slug":"politica-de-privacidad","status":"publish","type":"page","link":"https:\/\/groupuniversalpackaging.com\/en\/politica-de-privacidad\/","title":{"rendered":"Privacy Policy"},"content":{"rendered":"<p><strong>RESPONSABLE:<\/strong> UNIVERSAL SLEEVE, S.L.<\/p>\n<p><strong>OBJECTIF :<\/strong> GESTION DES CLIENTS ET DES CONTACTS; GESTION DES CLIENTS POTENTIELS ET DES CONTACTS; GESTION DES DEMANDES ET REQU\u00caTES SUR LE SITE WEB; ENVOI DE COMMUNICATIONS COMMERCIALES ET PROMOTIONNELLES; INFORMER SUR LES SERVICES FOURNIS PAR L&#8217;ENTREPRISE; MAINTIEN DE LISTES DE SUPPRESSION MISES \u00c0 JOUR POUR \u00c9VITER DE VOUS CONTACTER SI VOUS LE DEMANDEZ; PERMETTRE LE FONCTIONNEMENT DE NOTRE SITE WEB\/APP PAR DES COOKIES TECHNIQUES ET FONCTIONNELS; R\u00c9ALISER DES STATISTIQUES.<\/p>\n<p><strong>BASE L\u00c9GALE :<\/strong> CONSENTEMENT EXPLICITE, RESPECT D&#8217;UNE RELATION CONTRACTUELLE ET INT\u00c9R\u00caT L\u00c9GITIME.<\/p>\n<p><strong>DESTINATAIRES :<\/strong> LES DONN\u00c9ES NE SERONT PAS C\u00c9D\u00c9ES \u00c0 DES TIERS, SAUF EN CAS D&#8217;OBLIGATION L\u00c9GALE.<\/p>\n<p><strong>EXERCICE DES DROITS :<\/strong> EXERCICE DES DROITS DE LIMITATION DU TRAITEMENT, DE PORTABILIT\u00c9 DES DONN\u00c9ES, D&#8217;ACC\u00c8S, DE RECTIFICATION, DE SUPPRESSION ET D&#8217;OPPOSITION \u00c0 : <a rel=\"noopener\">INFO@UNIVERSALSLEEVE.COM<\/a><\/p>\n<p><strong>INFORMATIONS SUPPL\u00c9MENTAIRES :<\/strong> VOUS POUVEZ CONSULTER LES INFORMATIONS SUPPL\u00c9MENTAIRES ET D\u00c9TAILL\u00c9ES SUR NOTRE POLITIQUE DE PROTECTION DES DONN\u00c9ES DANS LES CLAUSES CI-DESSOUS.<\/p>\n<p>Conform\u00e9ment aux dispositions du R\u00c8GLEMENT (UE) 2016\/679 DU PARLEMENT EUROP\u00c9EN ET DU CONSEIL du 27 avril 2016 (ci-apr\u00e8s, \u00ab RGPD \u00bb) concernant la protection des personnes physiques \u00e0 l&#8217;\u00e9gard du traitement des donn\u00e9es \u00e0 caract\u00e8re personnel et \u00e0 la libre circulation de ces donn\u00e9es, UNIVERSAL SLEEVE, S.L. (ci-apr\u00e8s UNIVERSAL SLEEVE) vous informe, en tant que RESPONSABLE DU TRAITEMENT, que toutes les donn\u00e9es personnelles que vous nous fournissez via &lt;UNIVERSALSLEEVE.COM&gt; seront int\u00e9gr\u00e9es dans un fichier de donn\u00e9es maintenu sous des mesures de s\u00e9curit\u00e9 strictes et de confidentialit\u00e9, et seront conserv\u00e9es tant que nous g\u00e9rons vos demandes ou demandes, tant qu&#8217;une relation de service est en vigueur, ou jusqu&#8217;\u00e0 ce que vous nous informiez du contraire.<\/p>\n<p>Les objectifs du traitement des donn\u00e9es r\u00e9alis\u00e9s par UNIVERSAL SLEEVE en tant que responsable du traitement sont exclusivement la gestion des clients et des contacts; la gestion des clients potentiels et des contacts; la gestion des demandes et des requ\u00eates sur le site web; l&#8217;envoi de communications commerciales et promotionnelles; informer sur les services fournis par l&#8217;entreprise; maintenir des listes de suppression mises \u00e0 jour pour \u00e9viter de vous contacter si vous le demandez; permettre le fonctionnement de notre site web\/application via des cookies techniques et fonctionnels; r\u00e9aliser des statistiques.<\/p>\n<p>Les cat\u00e9gories de donn\u00e9es trait\u00e9es par UNIVERSAL SLEEVE sont les suivantes :<\/p>\n<ul>\n<li>Donn\u00e9es d&#8217;identification<\/li>\n<li>Adresses postales ou \u00e9lectroniques<\/li>\n<li>Informations commerciales et \u00e9conomiques<\/li>\n<li>Caract\u00e9ristiques personnelles.<\/li>\n<\/ul>\n<p>\u00c0 moins que nous ne soyons inform\u00e9s du contraire, nous supposerons que les donn\u00e9es fournies n&#8217;ont pas \u00e9t\u00e9 modifi\u00e9es, que vous vous engagez \u00e0 nous notifier toute modification et que nous avons votre consentement pour les utiliser aux fins mentionn\u00e9es.<\/p>\n<p>La base l\u00e9gale des diff\u00e9rents traitements en fonction des objectifs poursuivis est la suivante :<\/p>\n<ul>\n<li>GESTION DES CLIENTS ET DES CONTACTS : RESPECT D&#8217;UNE RELATION CONTRACTUELLE.<\/li>\n<li>GESTION DES CLIENTS POTENTIELS ET DES CONTACTS : RESPECT D&#8217;UNE RELATION CONTRACTUELLE ET INT\u00c9R\u00caT L\u00c9GITIME.<\/li>\n<li>GESTION DES DEMANDES ET REQU\u00caTES WEB : RESPECT D&#8217;UNE RELATION CONTRACTUELLE ET INT\u00c9R\u00caT L\u00c9GITIME.<\/li>\n<li>ENVOI DE COMMUNICATIONS COMMERCIALES ET PROMOTIONNELLES : CONSENTEMENT EXPLICITE.<\/li>\n<li>INFORMER SUR LES SERVICES FOURNIS PAR L&#8217;ENTREPRISE : INT\u00c9R\u00caT L\u00c9GITIME.<\/li>\n<li>MAINTIEN DE LISTES DE SUPPRESSION MISES \u00c0 JOUR : OBLIGATION L\u00c9GALE.<\/li>\n<li>PERMETTRE LE FONCTIONNEMENT DU SITE WEB VIA DES COOKIES TECHNIQUES : INT\u00c9R\u00caT L\u00c9GITIME.<\/li>\n<li>R\u00c9ALISER DES STATISTIQUES : INT\u00c9R\u00caT L\u00c9GITIME.<\/li>\n<\/ul>\n<p>Nous vous informons que l&#8217;utilisation des formulaires disponibles sur &lt;UNIVERSALSLEEVE.COM&gt; est r\u00e9serv\u00e9e aux utilisateurs majeurs, de sorte qu&#8217;en les utilisant, vous garantissez que vous remplissez cette condition et acceptez les cons\u00e9quences en cas de non-respect de cette r\u00e8gle. Les formulaires disponibles peuvent \u00eatre remplis dans la langue de votre choix ; cependant, UNIVERSAL SLEEVE ne peut \u00eatre tenu responsable des erreurs ou de l&#8217;impossibilit\u00e9 de traiter votre demande en raison de l&#8217;utilisation d&#8217;une langue inappropri\u00e9e. Le remplissage des formulaires, ainsi que de tout autre questionnaire qui pourrait \u00eatre propos\u00e9 ult\u00e9rieurement, est enti\u00e8rement volontaire. Toutefois, le refus de fournir certaines informations pourrait entra\u00eener l&#8217;impossibilit\u00e9 de satisfaire votre demande.<\/p>\n<p>UNIVERSAL SLEEVE a adopt\u00e9 les niveaux de s\u00e9curit\u00e9 requis par la loi pour la protection des donn\u00e9es personnelles et prend des mesures techniques suppl\u00e9mentaires pour \u00e9viter la perte, l&#8217;utilisation abusive, la modification, l&#8217;acc\u00e8s non autoris\u00e9 et le vol des donn\u00e9es personnelles fournies. Nous garantissons ainsi une confidentialit\u00e9 maximale dans leur traitement et confirmons qu&#8217;aucune cession de ces donn\u00e9es \u00e0 des tiers ne sera effectu\u00e9e.<\/p>\n<p>En fournissant volontairement vos donn\u00e9es, vous CONSENTEZ EXPLICITEMENT \u00e0 leur traitement automatis\u00e9 ou non par UNIVERSAL SLEEVE, ainsi qu&#8217;\u00e0 leur communication aux entit\u00e9s dont la connexion avec vos donn\u00e9es est n\u00e9cessaire ou l\u00e9galement obligatoire. En cas de communications commerciales par email ou moyen \u00e9quivalent, vous CONSENTEZ EXPLICITEMENT \u00e0 leur r\u00e9ception.<\/p>\n<p>Le consentement donn\u00e9 peut \u00eatre r\u00e9voqu\u00e9 \u00e0 tout moment par l&#8217;exercice des droits de limitation du traitement, de portabilit\u00e9 des donn\u00e9es, d&#8217;acc\u00e8s, de rectification, de suppression et d&#8217;opposition, que UNIVERSAL SLEEVE vous garantit, en envoyant une demande \u00e9crite \u00e0 <a rel=\"noopener\">INFO@UNIVERSALSLEEVE.COM<\/a>.<\/p>\n<p>De plus, nous vous informons qu&#8217;UNIVERSAL SLEEVE a d\u00e9sign\u00e9 un DPO (D\u00e9l\u00e9gu\u00e9 \u00e0 la Protection des Donn\u00e9es) pour traiter toute question, plainte ou suggestion concernant le traitement des donn\u00e9es. Vous pouvez contacter le DPO \u00e0 l&#8217;adresse suivante : <a rel=\"noopener\">dpo@bellavistalegal.eu<\/a>.<\/p>\n","protected":false},"excerpt":{"rendered":"<p>RESPONSABLE: UNIVERSAL SLEEVE, S.L. OBJECTIF : GESTION DES CLIENTS ET DES CONTACTS; GESTION DES CLIENTS POTENTIELS ET DES CONTACTS; GESTION DES DEMANDES ET REQU\u00caTES SUR LE SITE WEB; ENVOI DE COMMUNICATIONS COMMERCIALES ET PROMOTIONNELLES; INFORMER SUR LES SERVICES FOURNIS PAR L&#8217;ENTREPRISE; MAINTIEN DE LISTES DE SUPPRESSION MISES \u00c0 JOUR POUR \u00c9VITER DE VOUS CONTACTER SI [&hellip;]<\/p>\n","protected":false},"author":1,"featured_media":0,"parent":0,"menu_order":0,"comment_status":"closed","ping_status":"closed","template":"","meta":{"_acf_changed":false,"footnotes":""},"class_list":["post-450","page","type-page","status-publish","hentry"],"acf":[],"yoast_head":"<!-- This site is optimized with the Yoast SEO plugin v24.3 - https:\/\/yoast.com\/wordpress\/plugins\/seo\/ -->\n<title>Privacy Policy - Group Universal Packaging<\/title>\n<meta name=\"robots\" content=\"index, follow, max-snippet:-1, max-image-preview:large, max-video-preview:-1\" \/>\n<link rel=\"canonical\" href=\"https:\/\/groupuniversalpackaging.com\/en\/politica-de-privacidad\/\" \/>\n<meta property=\"og:locale\" content=\"en_US\" \/>\n<meta property=\"og:type\" content=\"article\" \/>\n<meta property=\"og:title\" content=\"Privacy Policy - Group Universal Packaging\" \/>\n<meta property=\"og:description\" content=\"RESPONSABLE: UNIVERSAL SLEEVE, S.L. OBJECTIF : GESTION DES CLIENTS ET DES CONTACTS; GESTION DES CLIENTS POTENTIELS ET DES CONTACTS; GESTION DES DEMANDES ET REQU\u00caTES SUR LE SITE WEB; ENVOI DE COMMUNICATIONS COMMERCIALES ET PROMOTIONNELLES; INFORMER SUR LES SERVICES FOURNIS PAR L&#8217;ENTREPRISE; MAINTIEN DE LISTES DE SUPPRESSION MISES \u00c0 JOUR POUR \u00c9VITER DE VOUS CONTACTER SI [&hellip;]\" \/>\n<meta property=\"og:url\" content=\"https:\/\/groupuniversalpackaging.com\/en\/politica-de-privacidad\/\" \/>\n<meta property=\"og:site_name\" content=\"Group Universal Packaging\" \/>\n<meta property=\"article:modified_time\" content=\"2024-11-08T13:24:35+00:00\" \/>\n<meta name=\"twitter:card\" content=\"summary_large_image\" \/>\n<meta name=\"twitter:label1\" content=\"Est. reading time\" \/>\n\t<meta name=\"twitter:data1\" content=\"4 minutes\" \/>\n<script type=\"application\/ld+json\" class=\"yoast-schema-graph\">{\"@context\":\"https:\/\/schema.org\",\"@graph\":[{\"@type\":\"WebPage\",\"@id\":\"https:\/\/groupuniversalpackaging.com\/en\/politica-de-privacidad\/\",\"url\":\"https:\/\/groupuniversalpackaging.com\/en\/politica-de-privacidad\/\",\"name\":\"Privacy Policy - Group Universal Packaging\",\"isPartOf\":{\"@id\":\"https:\/\/groupuniversalpackaging.com\/#website\"},\"datePublished\":\"2024-11-04T08:48:42+00:00\",\"dateModified\":\"2024-11-08T13:24:35+00:00\",\"breadcrumb\":{\"@id\":\"https:\/\/groupuniversalpackaging.com\/en\/politica-de-privacidad\/#breadcrumb\"},\"inLanguage\":\"en-US\",\"potentialAction\":[{\"@type\":\"ReadAction\",\"target\":[\"https:\/\/groupuniversalpackaging.com\/en\/politica-de-privacidad\/\"]}]},{\"@type\":\"BreadcrumbList\",\"@id\":\"https:\/\/groupuniversalpackaging.com\/en\/politica-de-privacidad\/#breadcrumb\",\"itemListElement\":[{\"@type\":\"ListItem\",\"position\":1,\"name\":\"Inici\",\"item\":\"https:\/\/groupuniversalpackaging.com\/en\/pagina-ejemplo\/\"},{\"@type\":\"ListItem\",\"position\":2,\"name\":\"Privacy Policy\"}]},{\"@type\":\"WebSite\",\"@id\":\"https:\/\/groupuniversalpackaging.com\/#website\",\"url\":\"https:\/\/groupuniversalpackaging.com\/\",\"name\":\"Group Universal Packaging\",\"description\":\"Soluciones de packaging\",\"potentialAction\":[{\"@type\":\"SearchAction\",\"target\":{\"@type\":\"EntryPoint\",\"urlTemplate\":\"https:\/\/groupuniversalpackaging.com\/?s={search_term_string}\"},\"query-input\":{\"@type\":\"PropertyValueSpecification\",\"valueRequired\":true,\"valueName\":\"search_term_string\"}}],\"inLanguage\":\"en-US\"}]}<\/script>\n<!-- \/ Yoast SEO plugin. -->","yoast_head_json":{"title":"Privacy Policy - Group Universal Packaging","robots":{"index":"index","follow":"follow","max-snippet":"max-snippet:-1","max-image-preview":"max-image-preview:large","max-video-preview":"max-video-preview:-1"},"canonical":"https:\/\/groupuniversalpackaging.com\/en\/politica-de-privacidad\/","og_locale":"en_US","og_type":"article","og_title":"Privacy Policy - Group Universal Packaging","og_description":"RESPONSABLE: UNIVERSAL SLEEVE, S.L. OBJECTIF : GESTION DES CLIENTS ET DES CONTACTS; GESTION DES CLIENTS POTENTIELS ET DES CONTACTS; GESTION DES DEMANDES ET REQU\u00caTES SUR LE SITE WEB; ENVOI DE COMMUNICATIONS COMMERCIALES ET PROMOTIONNELLES; INFORMER SUR LES SERVICES FOURNIS PAR L&#8217;ENTREPRISE; MAINTIEN DE LISTES DE SUPPRESSION MISES \u00c0 JOUR POUR \u00c9VITER DE VOUS CONTACTER SI [&hellip;]","og_url":"https:\/\/groupuniversalpackaging.com\/en\/politica-de-privacidad\/","og_site_name":"Group Universal Packaging","article_modified_time":"2024-11-08T13:24:35+00:00","twitter_card":"summary_large_image","twitter_misc":{"Est. reading time":"4 minutes"},"schema":{"@context":"https:\/\/schema.org","@graph":[{"@type":"WebPage","@id":"https:\/\/groupuniversalpackaging.com\/en\/politica-de-privacidad\/","url":"https:\/\/groupuniversalpackaging.com\/en\/politica-de-privacidad\/","name":"Privacy Policy - Group Universal Packaging","isPartOf":{"@id":"https:\/\/groupuniversalpackaging.com\/#website"},"datePublished":"2024-11-04T08:48:42+00:00","dateModified":"2024-11-08T13:24:35+00:00","breadcrumb":{"@id":"https:\/\/groupuniversalpackaging.com\/en\/politica-de-privacidad\/#breadcrumb"},"inLanguage":"en-US","potentialAction":[{"@type":"ReadAction","target":["https:\/\/groupuniversalpackaging.com\/en\/politica-de-privacidad\/"]}]},{"@type":"BreadcrumbList","@id":"https:\/\/groupuniversalpackaging.com\/en\/politica-de-privacidad\/#breadcrumb","itemListElement":[{"@type":"ListItem","position":1,"name":"Inici","item":"https:\/\/groupuniversalpackaging.com\/en\/pagina-ejemplo\/"},{"@type":"ListItem","position":2,"name":"Privacy Policy"}]},{"@type":"WebSite","@id":"https:\/\/groupuniversalpackaging.com\/#website","url":"https:\/\/groupuniversalpackaging.com\/","name":"Group Universal Packaging","description":"Soluciones de packaging","potentialAction":[{"@type":"SearchAction","target":{"@type":"EntryPoint","urlTemplate":"https:\/\/groupuniversalpackaging.com\/?s={search_term_string}"},"query-input":{"@type":"PropertyValueSpecification","valueRequired":true,"valueName":"search_term_string"}}],"inLanguage":"en-US"}]}},"_links":{"self":[{"href":"https:\/\/groupuniversalpackaging.com\/en\/wp-json\/wp\/v2\/pages\/450","targetHints":{"allow":["GET"]}}],"collection":[{"href":"https:\/\/groupuniversalpackaging.com\/en\/wp-json\/wp\/v2\/pages"}],"about":[{"href":"https:\/\/groupuniversalpackaging.com\/en\/wp-json\/wp\/v2\/types\/page"}],"author":[{"embeddable":true,"href":"https:\/\/groupuniversalpackaging.com\/en\/wp-json\/wp\/v2\/users\/1"}],"replies":[{"embeddable":true,"href":"https:\/\/groupuniversalpackaging.com\/en\/wp-json\/wp\/v2\/comments?post=450"}],"version-history":[{"count":1,"href":"https:\/\/groupuniversalpackaging.com\/en\/wp-json\/wp\/v2\/pages\/450\/revisions"}],"predecessor-version":[{"id":465,"href":"https:\/\/groupuniversalpackaging.com\/en\/wp-json\/wp\/v2\/pages\/450\/revisions\/465"}],"wp:attachment":[{"href":"https:\/\/groupuniversalpackaging.com\/en\/wp-json\/wp\/v2\/media?parent=450"}],"curies":[{"name":"wp","href":"https:\/\/api.w.org\/{rel}","templated":true}]}}